{"id":112,"date":"2020-05-19T10:22:59","date_gmt":"2020-05-19T08:22:59","guid":{"rendered":"https:\/\/plantilla.dfarma.co\/?page_id=112"},"modified":"2023-07-21T21:49:03","modified_gmt":"2023-07-21T19:49:03","slug":"productos","status":"publish","type":"page","link":"https:\/\/isomed.com\/colombia\/productos\/","title":{"rendered":"productos"},"content":{"rendered":"<div class=\"fusion-fullwidth fullwidth-box fusion-builder-row-1 nonhundred-percent-fullwidth non-hundred-percent-height-scrolling\" style=\"background-color: rgba(255,255,255,0);background-position: center center;background-repeat: no-repeat;padding-top:0px;padding-right:0px;padding-bottom:0px;padding-left:0px;margin-bottom: 0px;margin-top: 0px;border-width: 0px 0px 0px 0px;border-color:#e2e2e2;border-style:solid;\" ><div class=\"fusion-builder-row fusion-row\"><div class=\"fusion-layout-column fusion_builder_column fusion-builder-column-0 fusion_builder_column_1_1 1_1 fusion-one-full fusion-column-first fusion-column-last iso-page-title\" style=\"margin-top:0px;margin-bottom:20px;\"><div class=\"fusion-column-wrapper fusion-flex-column-wrapper-legacy\" style=\"background-position:left top;background-repeat:no-repeat;-webkit-background-size:cover;-moz-background-size:cover;-o-background-size:cover;background-size:cover;padding: 0px 0px 0px 0px;\"><div class=\"fusion-text fusion-text-1\"><h4>Productos<\/h4>\n<h1><img decoding=\"async\" id=\"la-i\" class=\"alignnone size-full wp-image-202\" src=\"https:\/\/isomed.com\/colombia\/wp-content\/uploads\/2020\/06\/La-i.png\" alt=\"\" width=\"352\" height=\"358\" srcset=\"https:\/\/isomed.com\/colombia\/wp-content\/uploads\/2020\/06\/La-i-66x66.png 66w, https:\/\/isomed.com\/colombia\/wp-content\/uploads\/2020\/06\/La-i-200x203.png 200w, https:\/\/isomed.com\/colombia\/wp-content\/uploads\/2020\/06\/La-i-295x300.png 295w, https:\/\/isomed.com\/colombia\/wp-content\/uploads\/2020\/06\/La-i.png 352w\" sizes=\"(max-width: 352px) 100vw, 352px\" \/>Health<\/h1>\n<hr \/>\n<p>Isomed Pharma Colombia pone a tu disposici\u00f3n productos de la m\u00e1s alta calidad y fiabilidad fabricados en Espa\u00f1a. Tanto si eres profesional sanitario como particular, encuentra el producto que se ajusta a tus necesidades.<\/p>\n<\/div><div class=\"fusion-clearfix\"><\/div><\/div><\/div><div class=\"fusion-layout-column fusion_builder_column fusion-builder-column-1 fusion_builder_column_1_1 1_1 fusion-one-full fusion-column-first fusion-column-last\" style=\"margin-top:0px;margin-bottom:20px;\"><div class=\"fusion-column-wrapper fusion-flex-column-wrapper-legacy\" style=\"background-position:left top;background-repeat:no-repeat;-webkit-background-size:cover;-moz-background-size:cover;-o-background-size:cover;background-size:cover;padding: 0px 0px 0px 0px;\"><span class=\" fusion-imageframe imageframe-none imageframe-1 hover-type-none\"><img fetchpriority=\"high\" fetchpriority=\"high\" decoding=\"async\" width=\"2560\" height=\"518\" title=\"breath (1)\" src=\"https:\/\/isomed.com\/colombia\/wp-content\/uploads\/2020\/07\/breath-1.jpg\" class=\"img-responsive wp-image-350\" srcset=\"https:\/\/isomed.com\/colombia\/wp-content\/uploads\/2020\/07\/breath-1-200x40.jpg 200w, https:\/\/isomed.com\/colombia\/wp-content\/uploads\/2020\/07\/breath-1-400x81.jpg 400w, https:\/\/isomed.com\/colombia\/wp-content\/uploads\/2020\/07\/breath-1-600x121.jpg 600w, https:\/\/isomed.com\/colombia\/wp-content\/uploads\/2020\/07\/breath-1-800x162.jpg 800w, https:\/\/isomed.com\/colombia\/wp-content\/uploads\/2020\/07\/breath-1-1200x243.jpg 1200w, https:\/\/isomed.com\/colombia\/wp-content\/uploads\/2020\/07\/breath-1.jpg 2560w\" sizes=\"(max-width: 1200px) 100vw, 2560px\" \/><\/span><div class=\"fusion-clearfix\"><\/div><\/div><\/div><div class=\"fusion-layout-column fusion_builder_column fusion-builder-column-2 fusion_builder_column_1_1 1_1 fusion-one-full fusion-column-first fusion-column-last test-aliento\" style=\"margin-top:0px;margin-bottom:20px;\"><div class=\"fusion-column-wrapper fusion-flex-column-wrapper-legacy\" style=\"background-position:left top;background-repeat:no-repeat;-webkit-background-size:cover;-moz-background-size:cover;-o-background-size:cover;background-size:cover;padding: 0px 0px 0px 0px;\"><div class=\"fusion-builder-row fusion-builder-row-inner fusion-row\"><div class=\"fusion-layout-column fusion_builder_column_inner fusion-builder-nested-column-0 fusion_builder_column_inner_2_3 2_3 fusion-two-third fusion-column-first\" style=\"width:66.666666666667%;width:calc(66.666666666667% - ( ( 4% ) * 0.66666666666667 ) );margin-right: 4%;margin-top:0px;margin-bottom:20px;\"><div class=\"fusion-column-wrapper fusion-flex-column-wrapper-legacy\" style=\"background-position:left top;background-repeat:no-repeat;-webkit-background-size:cover;-moz-background-size:cover;-o-background-size:cover;background-size:cover;padding: 0px 0px 0px 0px;\"><div class=\"fusion-text fusion-text-2\"><h3>\u00bfQu\u00e9 son los test de aire espirado o test de aliento?<\/h3>\n<p>Son el m\u00e9todo de diagn\u00f3stico de referencia de diversos trastornos gastrointestinales comunes, como la infecci\u00f3n por <em>Helicobacter pylori<\/em>, el sobrecrecimiento bacteriano o la intolerancia a distintos carbohidratos, seg\u00fan los consensos internacionales publicados por los m\u00e1ximos referentes en Gastroenterolog\u00eda<sup>1,2,3<\/sup>.<\/p>\n<\/div><div class=\"fusion-clearfix\"><\/div><\/div><\/div><div class=\"fusion-layout-column fusion_builder_column_inner fusion-builder-nested-column-1 fusion_builder_column_inner_1_3 1_3 fusion-one-third fusion-column-last\" style=\"width:33.333333333333%;width:calc(33.333333333333% - ( ( 4% ) * 0.33333333333333 ) );margin-top:0px;margin-bottom:20px;\"><div class=\"fusion-column-wrapper fusion-flex-column-wrapper-legacy\" style=\"background-position:left top;background-repeat:no-repeat;-webkit-background-size:cover;-moz-background-size:cover;-o-background-size:cover;background-size:cover;padding: 0px 0px 0px 0px;\"><span class=\" fusion-imageframe imageframe-none imageframe-2 hover-type-none\"><img decoding=\"async\" width=\"682\" height=\"408\" title=\"aire (1)\" src=\"https:\/\/isomed.com\/colombia\/wp-content\/uploads\/2020\/07\/aire-1.jpg\" class=\"img-responsive wp-image-368\" srcset=\"https:\/\/isomed.com\/colombia\/wp-content\/uploads\/2020\/07\/aire-1-200x120.jpg 200w, https:\/\/isomed.com\/colombia\/wp-content\/uploads\/2020\/07\/aire-1-400x239.jpg 400w, https:\/\/isomed.com\/colombia\/wp-content\/uploads\/2020\/07\/aire-1-600x359.jpg 600w, https:\/\/isomed.com\/colombia\/wp-content\/uploads\/2020\/07\/aire-1.jpg 682w\" sizes=\"(max-width: 1200px) 100vw, 400px\" \/><\/span><div class=\"fusion-clearfix\"><\/div><\/div><\/div><\/div><div class=\"fusion-text fusion-text-3\"><div class=\"notas-pie\">\n<hr align=\"left\" \/>\n<p><sup>1<\/sup>Malfertheiner P<em>, <\/em><em>et al<\/em>. Management of Helicobacter pylori infection\u2014the Maastricht V\/Florence Consensus Report. <em>Gut<\/em> 2017; 66:6\u201330.<br \/>\n<sup>2<\/sup>Rezaie A, <em>et al<\/em>. Hydrogen and Methane-Based Breath Testing in Gastrointestinal Disorders: The North American Consensus. <em>Am J Gastroenterol<\/em> 2017 May; 112(5):775-784.<br \/>\n<sup>3<\/sup>Pimentel M, <em>et al<\/em>. ACG Clinical Guideline: Small Intestinal Overgrowth. <em>Am J Gastroenterol<\/em> 2020; 115:165\u2013178.<\/p>\n<\/div>\n<\/div><div class=\"fusion-clearfix\"><\/div><\/div><\/div><div class=\"fusion-layout-column fusion_builder_column fusion-builder-column-3 fusion_builder_column_1_1 1_1 fusion-one-full fusion-column-first fusion-column-last test-aliento\" style=\"margin-top:0px;margin-bottom:20px;\"><div class=\"fusion-column-wrapper fusion-flex-column-wrapper-legacy\" style=\"background-position:left top;background-repeat:no-repeat;-webkit-background-size:cover;-moz-background-size:cover;-o-background-size:cover;background-size:cover;padding: 0px 0px 0px 0px;\"><div class=\"fusion-text fusion-text-4\"><h3>Ventajas<\/h3>\n<\/div><div class=\"fusion-builder-row fusion-builder-row-inner fusion-row\"><div class=\"fusion-layout-column fusion_builder_column_inner fusion-builder-nested-column-2 fusion_builder_column_inner_1_2 1_2 fusion-one-half fusion-column-first\" style=\"width:50%;width:calc(50% - ( ( 4% ) * 0.5 ) );margin-right: 4%;margin-top:0px;margin-bottom:20px;\"><div class=\"fusion-column-wrapper fusion-flex-column-wrapper-legacy\" style=\"background-position:left top;background-repeat:no-repeat;-webkit-background-size:cover;-moz-background-size:cover;-o-background-size:cover;background-size:cover;padding: 0px 0px 0px 0px;\"><div class=\"fusion-text fusion-text-5 ventajas\"><h3><strong>Para los m\u00e9dicos<\/strong><\/h3>\n<ul>\n<li>Pruebas con alta especificidad y sensibilidad.<\/li>\n<li>M\u00e9todo altamente fiable y reproducible.<\/li>\n<li>Coste diagn\u00f3stico reducido.<\/li>\n<li>Aptas para uso en pediatr\u00eda.<\/li>\n<\/ul>\n<\/div><div class=\"fusion-clearfix\"><\/div><\/div><\/div><div class=\"fusion-layout-column fusion_builder_column_inner fusion-builder-nested-column-3 fusion_builder_column_inner_1_2 1_2 fusion-one-half fusion-column-last\" style=\"width:50%;width:calc(50% - ( ( 4% ) * 0.5 ) );margin-top:0px;margin-bottom:20px;\"><div class=\"fusion-column-wrapper fusion-flex-column-wrapper-legacy\" style=\"background-position:left top;background-repeat:no-repeat;-webkit-background-size:cover;-moz-background-size:cover;-o-background-size:cover;background-size:cover;padding: 0px 0px 0px 0px;\"><div class=\"fusion-text fusion-text-6 ventajas\"><h3><strong>Para los pacientes<\/strong><\/h3>\n<ul>\n<li>Pruebas no invasivas.<\/li>\n<li>Pruebas c\u00f3modas y f\u00e1ciles de realizar.<\/li>\n<li>Sustratos altamente tolerados.<\/li>\n<\/ul>\n<\/div><div class=\"fusion-clearfix\"><\/div><\/div><\/div><\/div><div class=\"fusion-clearfix\"><\/div><\/div><\/div><div class=\"fusion-layout-column fusion_builder_column fusion-builder-column-4 fusion_builder_column_1_1 1_1 fusion-one-full fusion-column-first fusion-column-last\" style=\"margin-top:0px;margin-bottom:20px;\"><div class=\"fusion-column-wrapper fusion-flex-column-wrapper-legacy\" style=\"background-position:left top;background-repeat:no-repeat;-webkit-background-size:cover;-moz-background-size:cover;-o-background-size:cover;background-size:cover;padding: 0px 0px 0px 0px;\"><style type=\"text\/css\">.fusion-accordian  #accordion-112-1 .panel-title a .fa-fusion-box{ color: #ffffff;}.fusion-accordian  #accordion-112-1 .panel-title a .fa-fusion-box:before{ font-size: 16px; width: 16px;}.fusion-accordian  #accordion-112-1.fusion-toggle-icon-right .fusion-toggle-heading{ margin-right: 34px;}.fusion-accordian  #accordion-112-1 .panel-title a:hover, #accordion-112-1 .fusion-toggle-boxed-mode:hover .panel-title a { color: rgba(255,255,255,0.7);}.fusion-accordian  #accordion-112-1 .fusion-toggle-boxed-mode:hover .panel-title a .fa-fusion-box{ color: rgba(255,255,255,0.7);}.fusion-accordian  #accordion-112-1.fusion-toggle-icon-unboxed .fusion-panel .panel-title a:hover .fa-fusion-box{ color: rgba(255,255,255,0.7) !important;}<\/style><div class=\"accordian fusion-accordian toggle-ibreath\"><div class=\"panel-group fusion-toggle-icon-right fusion-toggle-icon-unboxed\" id=\"accordion-112-1\"><div class=\"fusion-panel panel-default\"><div class=\"panel-heading\"><h4 class=\"panel-title toggle\"><a aria-expanded=\"false\" aria-controls=\"4b7e1205ec13ccbc7\" role=\"button\" data-toggle=\"collapse\" data-parent=\"#accordion-112-1\" data-target=\"#4b7e1205ec13ccbc7\" href=\"#4b7e1205ec13ccbc7\"><span class=\"fusion-toggle-icon-wrapper\" aria-hidden=\"true\"><i class=\"fa-fusion-box\" aria-hidden=\"true\"><\/i><\/span><span class=\"fusion-toggle-heading\">Test de aliento con sustratos marcados con <sup>13<\/sup>C<\/span><\/a><\/h4><\/div><div id=\"4b7e1205ec13ccbc7\" class=\"panel-collapse collapse \"><div class=\"panel-body toggle-content fusion-clearfix\">\n<p><strong>Fundamento de la prueba<\/strong><\/p>\n<p>La prueba de aliento para el <strong>diagn\u00f3stico de la infecci\u00f3n por <em>Helicobacter pylori<\/em><\/strong> se basa en la capacidad de su enzima ureasa para metabolizar la urea, dando lugar a amon\u00edaco y CO<sub>2<\/sub>. Cuando existe infecci\u00f3n, al administrar al paciente una soluci\u00f3n con urea marcada con <sup>13<\/sup>C, el enzima ureasa la hidroliza dando lugar a <sup>13<\/sup>CO<sub>2<\/sub>, que es absorbido, difunde a la sangre, es transportado hasta los alveolos pulmonares y mediante el intercambio gaseoso, es excretado a trav\u00e9s del aire espirado o aliento.<\/p>\n<p>En las muestras de aire se determina la relaci\u00f3n isot\u00f3pica de <sup>13<\/sup>CO<sub>2<\/sub>\/<sup>12<\/sup>CO<sub>2<\/sub>, es decir, la concentraci\u00f3n del <sup>13<\/sup>CO<sub>2<\/sub> generado por la bacteria con respecto a la concentraci\u00f3n de <sup>12<\/sup>CO<sub>2<\/sub>, el is\u00f3topo normal de CO<sub>2<\/sub> com\u00fanmente generado en las reacciones metab\u00f3licas del organismo.<\/p>\n<div class=\"fusion-alignright\"><style type=\"text\/css\">.fusion-button.button-1 {border-radius:4px;}<\/style><a class=\"fusion-button button-flat fusion-button-default-size button-default button-1 fusion-button-default-span fusion-button-default-type\" target=\"_self\" href=\"#\" data-toggle=\"modal\" data-target=\".fusion-modal.cortinilla\"><span class=\"fusion-button-text\">M\u00e1s informaci\u00f3n<\/span><\/a><\/div><\/div><\/div><\/div><\/div><\/div><style type=\"text\/css\">.fusion-accordian  #accordion-112-2 .panel-title a .fa-fusion-box{ color: #ffffff;}.fusion-accordian  #accordion-112-2 .panel-title a .fa-fusion-box:before{ font-size: 16px; width: 16px;}.fusion-accordian  #accordion-112-2.fusion-toggle-icon-right .fusion-toggle-heading{ margin-right: 34px;}.fusion-accordian  #accordion-112-2 .panel-title a:hover, #accordion-112-2 .fusion-toggle-boxed-mode:hover .panel-title a { color: rgba(255,255,255,0.7);}.fusion-accordian  #accordion-112-2 .fusion-toggle-boxed-mode:hover .panel-title a .fa-fusion-box{ color: rgba(255,255,255,0.7);}.fusion-accordian  #accordion-112-2.fusion-toggle-icon-unboxed .fusion-panel .panel-title a:hover .fa-fusion-box{ color: rgba(255,255,255,0.7) !important;}<\/style><div class=\"accordian fusion-accordian toggle-ibreath\"><div class=\"panel-group fusion-toggle-icon-right fusion-toggle-icon-unboxed\" id=\"accordion-112-2\"><\/div><\/div><div class=\"fusion-clearfix\"><\/div><\/div><\/div><\/div><\/div>\n","protected":false},"excerpt":{"rendered":"","protected":false},"author":7,"featured_media":0,"parent":0,"menu_order":0,"comment_status":"closed","ping_status":"closed","template":"","meta":{"footnotes":""},"class_list":["post-112","page","type-page","status-publish","hentry"],"_links":{"self":[{"href":"https:\/\/isomed.com\/colombia\/wp-json\/wp\/v2\/pages\/112","targetHints":{"allow":["GET"]}}],"collection":[{"href":"https:\/\/isomed.com\/colombia\/wp-json\/wp\/v2\/pages"}],"about":[{"href":"https:\/\/isomed.com\/colombia\/wp-json\/wp\/v2\/types\/page"}],"author":[{"embeddable":true,"href":"https:\/\/isomed.com\/colombia\/wp-json\/wp\/v2\/users\/7"}],"replies":[{"embeddable":true,"href":"https:\/\/isomed.com\/colombia\/wp-json\/wp\/v2\/comments?post=112"}],"version-history":[{"count":9,"href":"https:\/\/isomed.com\/colombia\/wp-json\/wp\/v2\/pages\/112\/revisions"}],"predecessor-version":[{"id":6177,"href":"https:\/\/isomed.com\/colombia\/wp-json\/wp\/v2\/pages\/112\/revisions\/6177"}],"wp:attachment":[{"href":"https:\/\/isomed.com\/colombia\/wp-json\/wp\/v2\/media?parent=112"}],"curies":[{"name":"wp","href":"https:\/\/api.w.org\/{rel}","templated":true}]}}