{"id":114,"date":"2020-05-19T10:23:20","date_gmt":"2020-05-19T08:23:20","guid":{"rendered":"https:\/\/plantilla.dfarma.co\/?page_id=114"},"modified":"2023-07-13T11:55:14","modified_gmt":"2023-07-13T09:55:14","slug":"taukit","status":"publish","type":"page","link":"https:\/\/isomed.com\/colombia\/productos\/taukit\/","title":{"rendered":"TAUKIT"},"content":{"rendered":"<p><div class=\"fusion-fullwidth fullwidth-box fusion-builder-row-1 ficha-producto nonhundred-percent-fullwidth non-hundred-percent-height-scrolling\" style=\"background-color: rgba(255,255,255,0);background-position: center center;background-repeat: no-repeat;padding-top:0px;padding-right:0px;padding-bottom:0px;padding-left:0px;margin-bottom: 0px;margin-top: 0px;border-width: 0px 0px 0px 0px;border-color:#e2e2e2;border-style:solid;\" ><div class=\"fusion-builder-row fusion-row\"><div class=\"fusion-layout-column fusion_builder_column fusion-builder-column-0 fusion_builder_column_1_2 1_2 fusion-one-half fusion-column-first\" style=\"width:50%;width:calc(50% - ( ( 4% ) * 0.5 ) );margin-right: 4%;margin-top:0px;margin-bottom:20px;\"><div class=\"fusion-column-wrapper fusion-flex-column-wrapper-legacy\" style=\"background-position:left top;background-repeat:no-repeat;-webkit-background-size:cover;-moz-background-size:cover;-o-background-size:cover;background-size:cover;padding: 0px 0px 0px 0px;\"><span class=\" fusion-imageframe imageframe-none imageframe-1 hover-type-none\"><img fetchpriority=\"high\" fetchpriority=\"high\" decoding=\"async\" width=\"1296\" height=\"864\" title=\"taukit-compressed\" src=\"https:\/\/isomed.com\/colombia\/wp-content\/uploads\/2020\/07\/taukit-compressed.gif\" class=\"img-responsive wp-image-384\"\/><\/span><style type=\"text\/css\">.fusion-accordian  #accordion-114-1 .panel-title a .fa-fusion-box{ color: #ffffff;}.fusion-accordian  #accordion-114-1 .panel-title a .fa-fusion-box:before{ font-size: 16px; width: 16px;}.fusion-accordian  #accordion-114-1 .fa-fusion-box { background-color: #212934;border-color: #212934;}.fusion-accordian  #accordion-114-1 .panel-title a:hover, #accordion-114-1 .fusion-toggle-boxed-mode:hover .panel-title a { color: #3ab5e8;}.fusion-accordian  #accordion-114-1 .panel-title .active .fa-fusion-box,.fusion-accordian  #accordion-114-1 .panel-title a:hover .fa-fusion-box { background-color: #3ab5e8!important;border-color: #3ab5e8!important;}<\/style><div class=\"accordian fusion-accordian info-adicional\"><div class=\"panel-group\" id=\"accordion-114-1\"><div class=\"fusion-panel panel-default\"><div class=\"panel-heading\"><h4 class=\"panel-title toggle\"><a aria-expanded=\"false\" aria-controls=\"9e89f2393a25bfc82\" role=\"button\" data-toggle=\"collapse\" data-parent=\"#accordion-114-1\" data-target=\"#9e89f2393a25bfc82\" href=\"#9e89f2393a25bfc82\"><span class=\"fusion-toggle-icon-wrapper\" aria-hidden=\"true\"><i class=\"fa-fusion-box\" aria-hidden=\"true\"><\/i><\/span><span class=\"fusion-toggle-heading\"><\/span><\/a><\/h4><\/div><div id=\"9e89f2393a25bfc82\" class=\"panel-collapse collapse \"><div class=\"panel-body toggle-content fusion-clearfix\">\n<p><a href=\"https:\/\/isomed.com\/colombia\/contacto\/\">M\u00e1s informaci\u00f3n<\/a><\/p>\n<\/div><\/div><\/div><div class=\"fusion-panel panel-default\"><div class=\"panel-heading\"><h4 class=\"panel-title toggle\"><a aria-expanded=\"false\" aria-controls=\"9186bdcd726042d8d\" role=\"button\" data-toggle=\"collapse\" data-parent=\"#accordion-114-1\" data-target=\"#9186bdcd726042d8d\" href=\"#9186bdcd726042d8d\"><span class=\"fusion-toggle-icon-wrapper\" aria-hidden=\"true\"><i class=\"fa-fusion-box\" aria-hidden=\"true\"><\/i><\/span><span class=\"fusion-toggle-heading\">V\u00eddeo - protocolo<\/span><\/a><\/h4><\/div><div id=\"9186bdcd726042d8d\" class=\"panel-collapse collapse \"><div class=\"panel-body toggle-content fusion-clearfix\"><iframe src=\"https:\/\/www.youtube.com\/embed\/LIlUHsi7H50\" width=\"100%\" height=\"400px\" frameborder=\"0\" allowfullscreen=\"allowfullscreen\"><\/iframe><\/div><\/div><\/div><\/div><\/div><div class=\"fusion-clearfix\"><\/div><\/div><\/div><div class=\"fusion-layout-column fusion_builder_column fusion-builder-column-1 fusion_builder_column_1_2 1_2 fusion-one-half fusion-column-last text-description\" style=\"width:50%;width:calc(50% - ( ( 4% ) * 0.5 ) );margin-top:0px;margin-bottom:20px;\"><div class=\"fusion-column-wrapper fusion-flex-column-wrapper-legacy\" style=\"background-position:left top;background-repeat:no-repeat;-webkit-background-size:cover;-moz-background-size:cover;-o-background-size:cover;background-size:cover;padding: 0px 0px 0px 0px;\"><span class=\" fusion-imageframe imageframe-none imageframe-2 hover-type-none\"><img decoding=\"async\" width=\"2560\" height=\"1083\" title=\"Logo TK\" src=\"https:\/\/isomed.com\/colombia\/wp-content\/uploads\/2020\/07\/Logo-TK-scaled.jpeg\" class=\"img-responsive wp-image-385\" srcset=\"https:\/\/isomed.com\/colombia\/wp-content\/uploads\/2020\/07\/Logo-TK-200x85.jpeg 200w, https:\/\/isomed.com\/colombia\/wp-content\/uploads\/2020\/07\/Logo-TK-400x169.jpeg 400w, https:\/\/isomed.com\/colombia\/wp-content\/uploads\/2020\/07\/Logo-TK-600x254.jpeg 600w, https:\/\/isomed.com\/colombia\/wp-content\/uploads\/2020\/07\/Logo-TK-800x339.jpeg 800w, https:\/\/isomed.com\/colombia\/wp-content\/uploads\/2020\/07\/Logo-TK-1200x508.jpeg 1200w, https:\/\/isomed.com\/colombia\/wp-content\/uploads\/2020\/07\/Logo-TK-scaled.jpeg 2560w\" sizes=\"(max-width: 1200px) 100vw, 600px\" \/><\/span><div class=\"fusion-text fusion-text-1\"><h3><em>100 mg comprimidos solubles<\/em><\/h3>\n<p><strong>Principio activo: <\/strong>100 mg de <sup>13<\/sup>C-urea.<\/p>\n<p><strong>Indicaci\u00f3n:<\/strong> TAUKIT es un test de aliento indicado en adultos y ni\u00f1os mayores de 5 a\u00f1os para el diagn\u00f3stico de la infecci\u00f3n gastroduodenal por <em>Helicobacter pylori. <\/em><\/p>\n<p><strong>El producto incluye:<br \/>\n<\/strong><\/p>\n<ul>\n<li>1 comprimido soluble de 100 mg de <sup>13<\/sup>C-urea.<\/li>\n<li>1 sobre de Citral pylori\u00ae (\u00e1cido c\u00edtrico anhidro).<\/li>\n<li>4 tubos de vidrio: 2 para la recogida de muestra BASAL y 2 para la recogida de muestra POST.<\/li>\n<li>2 tubos flexibles.<\/li>\n<li>Etiquetas identificativas.<\/li>\n<\/ul>\n<p><strong>N\u00ba de registro:<\/strong> DM-DIV1269-E<\/p>\n<p><strong>C\u00f3digo CUPS:<\/strong> 903043<\/p>\n<\/div><div class=\"fusion-clearfix\"><\/div><\/div><\/div><\/div><\/div><div class=\"fusion-fullwidth fullwidth-box fusion-builder-row-2 fusion-flex-container nonhundred-percent-fullwidth non-hundred-percent-height-scrolling\" style=\"background-color: rgba(255,255,255,0);background-position: center center;background-repeat: no-repeat;border-width: 0px 0px 0px 0px;border-color:#e2e2e2;border-style:solid;\" ><div class=\"fusion-builder-row fusion-row fusion-flex-align-items-flex-start\" style=\"max-width:1248px;margin-left: calc(-4% \/ 2 );margin-right: calc(-4% \/ 2 );\"><div class=\"fusion-layout-column fusion_builder_column fusion-builder-column-2 fusion_builder_column_1_1 1_1 fusion-flex-column\"><div class=\"fusion-column-wrapper fusion-flex-justify-content-flex-start fusion-content-layout-column\" style=\"background-position:left top;background-repeat:no-repeat;-webkit-background-size:cover;-moz-background-size:cover;-o-background-size:cover;background-size:cover;padding: 0px 0px 0px 0px;\"><div class=\"fusion-text fusion-text-2\"><h4 style=\"text-align: left;\"><strong><em>\u00bfEn qu\u00e9 consiste?<\/em><\/strong><\/h4>\n<p><strong>Test de Aliento 13C-\u00darea para diagn\u00f3stico y monitoreo del tratamiento erradicador por\u00a0 la infecci\u00f3n de Helicobacter pylori.<\/strong><\/p>\n<p>Estas pruebas son instrumentos diagn\u00f3sticos que aprovechan las reacciones\u00a0 metab\u00f3licas que acontecen en el organismo para determinar posibles afecciones o infecciones.<\/p>\n<p>El test de aliento 13C-Urea utiliza un <strong>is\u00f3topo estable<\/strong>, <strong>seguro, aprobado para ni\u00f1os y apto para mujeres gestantes<\/strong>. A diferencia de otras pruebas marcadas con 14C Radioactivas y prohibidas en la comunidad Europea por su toxicidad, nuestra prueba de aliento 13C-Urea se puede utilizar en cualquier tipo de instalaci\u00f3n aprobada para la toma de pruebas de laboratorio, no tiene ning\u00fan efecto adverso ni secundario para los pacientes ni para el personal de salud en contacto con la prueba.<\/p>\n<p>Nuestra prueba de aliento 13C-Urea es el <strong>GOLD STANDARD<\/strong> en las gu\u00edas internacionales para monitorizar el tratamiento erradicador de Helicobacter pylori con una Sensibilidad y Especificidad cercana al 100%.<\/p>\n<p>Consulte a su m\u00e9dico para mayor informaci\u00f3n.<\/p>\n<p>Disponible en los principales Laboratorios Cl\u00ednicos a nivel nacional.<\/p>\n<\/div><\/div><style type=\"text\/css\">.fusion-body .fusion-builder-column-2{width:100% !important;margin-top : 0px;margin-bottom : 20px;}.fusion-builder-column-2 > .fusion-column-wrapper {padding-top : 0px !important;padding-right : 0px !important;margin-right : 1.92%;padding-bottom : 0px !important;padding-left : 0px !important;margin-left : 1.92%;}@media only screen and (max-width:1024px) {.fusion-body .fusion-builder-column-2{width:100% !important;order : 0;}.fusion-builder-column-2 > .fusion-column-wrapper {margin-right : 1.92%;margin-left : 1.92%;}}@media only screen and (max-width:640px) {.fusion-body .fusion-builder-column-2{width:100% !important;order : 0;}.fusion-builder-column-2 > .fusion-column-wrapper {margin-right : 1.92%;margin-left : 1.92%;}}<\/style><\/div><\/div><style type=\"text\/css\">.fusion-body .fusion-flex-container.fusion-builder-row-2{ padding-top : 0px;margin-top : 0px;padding-right : 0px;padding-bottom : 0px;margin-bottom : 0px;padding-left : 0px;}<\/style><\/div><\/p>\n","protected":false},"excerpt":{"rendered":"","protected":false},"author":7,"featured_media":0,"parent":112,"menu_order":0,"comment_status":"closed","ping_status":"closed","template":"","meta":{"footnotes":""},"class_list":["post-114","page","type-page","status-publish","hentry"],"_links":{"self":[{"href":"https:\/\/isomed.com\/colombia\/wp-json\/wp\/v2\/pages\/114","targetHints":{"allow":["GET"]}}],"collection":[{"href":"https:\/\/isomed.com\/colombia\/wp-json\/wp\/v2\/pages"}],"about":[{"href":"https:\/\/isomed.com\/colombia\/wp-json\/wp\/v2\/types\/page"}],"author":[{"embeddable":true,"href":"https:\/\/isomed.com\/colombia\/wp-json\/wp\/v2\/users\/7"}],"replies":[{"embeddable":true,"href":"https:\/\/isomed.com\/colombia\/wp-json\/wp\/v2\/comments?post=114"}],"version-history":[{"count":9,"href":"https:\/\/isomed.com\/colombia\/wp-json\/wp\/v2\/pages\/114\/revisions"}],"predecessor-version":[{"id":6140,"href":"https:\/\/isomed.com\/colombia\/wp-json\/wp\/v2\/pages\/114\/revisions\/6140"}],"up":[{"embeddable":true,"href":"https:\/\/isomed.com\/colombia\/wp-json\/wp\/v2\/pages\/112"}],"wp:attachment":[{"href":"https:\/\/isomed.com\/colombia\/wp-json\/wp\/v2\/media?parent=114"}],"curies":[{"name":"wp","href":"https:\/\/api.w.org\/{rel}","templated":true}]}}