{"id":125,"date":"2020-05-21T18:37:49","date_gmt":"2020-05-21T16:37:49","guid":{"rendered":"https:\/\/plantilla.dfarma.co\/?page_id=125"},"modified":"2023-05-31T13:52:20","modified_gmt":"2023-05-31T11:52:20","slug":"gastrokit","status":"publish","type":"page","link":"https:\/\/isomed.com\/colombia\/productos\/gastrokit\/","title":{"rendered":"GASTRO-KIT"},"content":{"rendered":"<p><div class=\"fusion-fullwidth fullwidth-box fusion-builder-row-1 ficha-producto nonhundred-percent-fullwidth non-hundred-percent-height-scrolling\" style=\"background-color: rgba(255,255,255,0);background-position: center center;background-repeat: no-repeat;padding-top:0px;padding-right:0px;padding-bottom:0px;padding-left:0px;margin-bottom: 0px;margin-top: 0px;border-width: 0px 0px 0px 0px;border-color:#e2e2e2;border-style:solid;\" ><div class=\"fusion-builder-row fusion-row\"><div class=\"fusion-layout-column fusion_builder_column fusion-builder-column-0 fusion_builder_column_1_2 1_2 fusion-one-half fusion-column-first\" style=\"width:50%;width:calc(50% - ( ( 4% ) * 0.5 ) );margin-right: 4%;margin-top:0px;margin-bottom:20px;\"><div class=\"fusion-column-wrapper fusion-flex-column-wrapper-legacy\" style=\"background-position:left top;background-repeat:no-repeat;-webkit-background-size:cover;-moz-background-size:cover;-o-background-size:cover;background-size:cover;padding: 0px 0px 0px 0px;\"><span class=\" fusion-imageframe imageframe-none imageframe-1 hover-type-none\"><img fetchpriority=\"high\" fetchpriority=\"high\" decoding=\"async\" width=\"1296\" height=\"864\" title=\"gastrokit_compressed\" src=\"https:\/\/isomed.com\/colombia\/wp-content\/uploads\/2020\/07\/gastrokit_compressed.gif\" class=\"img-responsive wp-image-393\"\/><\/span><div class=\"fusion-text fusion-text-1 info-adicional\"><p><strong>M\u00e1s informaci\u00f3n<\/strong><\/p>\n<ul>\n<li><a href=\"https:\/\/isomed.com\/colombia\/wp-content\/uploads\/2020\/11\/gastrokit.pdf\">Instrucciones de uso<\/a><\/li>\n<li><a href=\"https:\/\/isomed.com\/colombia\/wp-content\/uploads\/2020\/07\/PREPARACIO\u0301N-PARA-LA-PRUEBA-GK.pdf\">Preparaci\u00f3n para la prueba<\/a><\/li>\n<\/ul>\n<\/div><div class=\"fusion-clearfix\"><\/div><\/div><\/div><div class=\"fusion-layout-column fusion_builder_column fusion-builder-column-1 fusion_builder_column_1_2 1_2 fusion-one-half fusion-column-last text-description\" style=\"width:50%;width:calc(50% - ( ( 4% ) * 0.5 ) );margin-top:0px;margin-bottom:20px;\"><div class=\"fusion-column-wrapper fusion-flex-column-wrapper-legacy\" style=\"background-position:left top;background-repeat:no-repeat;-webkit-background-size:cover;-moz-background-size:cover;-o-background-size:cover;background-size:cover;padding: 0px 0px 0px 0px;\"><span class=\" fusion-imageframe imageframe-none imageframe-2 hover-type-none\"><img decoding=\"async\" width=\"1181\" height=\"339\" title=\"Gastrokit (1)\" src=\"https:\/\/isomed.com\/colombia\/wp-content\/uploads\/2020\/07\/Gastrokit-1.jpg\" class=\"img-responsive wp-image-395\" srcset=\"https:\/\/isomed.com\/colombia\/wp-content\/uploads\/2020\/07\/Gastrokit-1-200x57.jpg 200w, https:\/\/isomed.com\/colombia\/wp-content\/uploads\/2020\/07\/Gastrokit-1-400x115.jpg 400w, https:\/\/isomed.com\/colombia\/wp-content\/uploads\/2020\/07\/Gastrokit-1-600x172.jpg 600w, https:\/\/isomed.com\/colombia\/wp-content\/uploads\/2020\/07\/Gastrokit-1-800x230.jpg 800w, https:\/\/isomed.com\/colombia\/wp-content\/uploads\/2020\/07\/Gastrokit-1.jpg 1181w\" sizes=\"(max-width: 1200px) 100vw, 600px\" \/><\/span><div class=\"fusion-text fusion-text-2\"><h3>Test de aliento para el diagn\u00f3stico de sobrecrecimiento bacteriano<\/h3>\n<p><strong>Indicaci\u00f3n:<\/strong> GASTRO-KIT es un test de aliento indicado en adultos y ni\u00f1os mayores de 5 a\u00f1os con s\u00edntomas asociados al sobrecrecimiento microbiano intestinal, como flatulencias, meteorismo, distensi\u00f3n y\/o dolor abdominal, etc<em>. <\/em><\/p>\n<p><strong>Cada envase contiene:<\/strong><\/p>\n<ul>\n<li>1 sobre de lactitol monohidrato (10 g).<\/li>\n<li>8 tubos de vidrio: 1 para la recogida de muestra BASAL y 7 para la recogida de muestras POST.<\/li>\n<li>2 tubos flexibles.<\/li>\n<li>Etiquetas identificativas.<\/li>\n<li>Instrucciones de uso.<\/li>\n<\/ul>\n<\/div><div class=\"fusion-clearfix\"><\/div><\/div><\/div><\/div><\/div><div class=\"fusion-fullwidth fullwidth-box fusion-builder-row-2 protocolo nonhundred-percent-fullwidth non-hundred-percent-height-scrolling\" style=\"background-color: rgba(255,255,255,0);background-position: center center;background-repeat: no-repeat;padding-top:0px;padding-right:0px;padding-bottom:0px;padding-left:0px;margin-bottom: 0px;margin-top: 0px;border-width: 0px 0px 0px 0px;border-color:#e2e2e2;border-style:solid;\" ><div class=\"fusion-builder-row fusion-row\"><div class=\"fusion-layout-column fusion_builder_column fusion-builder-column-2 fusion_builder_column_1_1 1_1 fusion-one-full fusion-column-first fusion-column-last\" style=\"margin-top:0px;margin-bottom:20px;\"><div class=\"fusion-column-wrapper fusion-flex-column-wrapper-legacy\" style=\"background-position:left top;background-repeat:no-repeat;-webkit-background-size:cover;-moz-background-size:cover;-o-background-size:cover;background-size:cover;padding: 0px 0px 0px 0px;\"><div class=\"fusion-text fusion-text-3 ficha-producto-mas-info\"><h3 style=\"text-align: center;\">Protocolo de uso (Videotutorial)<\/h3>\n<\/div><div id=\"video_show\" style=\"display:block;text-align:center\"><img decoding=\"async\" src=\"https:\/\/isomed.com\/wp-content\/uploads\/2021\/04\/play_video.jpg\" width=\"720px\" height=\"300\"><\/div>\n<\/div>\n<div id=\"video_hide\" style=\"display:none;text-align:center\"><iframe src=\"https:\/\/www.youtube.com\/embed\/n5srJp5k6Qw\" width=\"720px\" height=\"300\" frameborder=\"0\" allowfullscreen=\"allowfullscreen\"><\/iframe><\/div>\n<\/div>\n<div style=\"text-align:center;font-size:18px;font-weight:bold\"><input type=\"checkbox\" id=\"cbox1\" value=\"first_checkbox\" onChange=\"showvideo()\"> Soy profesional de la salud y deseo acceder a la informaci\u00f3n contenida en esta p\u00e1gina<\/div>\n<br><br><br>\n<script>\nfunction showvideo() {\n  var x = document.getElementById(\"video_hide\");\n  var y = document.getElementById(\"video_show\");\n  if (x.style.display === \"none\") {\n    x.style.display = \"block\";\n    y.style.display = \"none\";\n  } else {\n    y.style.display = \"block\";\n    x.style.display = \"none\";\n  }\n} <\/script><div class=\"fusion-clearfix\"><\/div><\/div><\/div><\/div><\/div><div class=\"fusion-fullwidth fullwidth-box fusion-builder-row-3 related-products nonhundred-percent-fullwidth non-hundred-percent-height-scrolling\" style=\"background-color: rgba(255,255,255,0);background-position: center center;background-repeat: no-repeat;padding-top:0px;padding-right:0px;padding-bottom:0px;padding-left:0px;margin-bottom: 0px;margin-top: 0px;border-width: 0px 0px 0px 0px;border-color:#e2e2e2;border-style:solid;\" ><div class=\"fusion-builder-row fusion-row\"><div class=\"fusion-layout-column fusion_builder_column fusion-builder-column-3 fusion_builder_column_1_1 1_1 fusion-one-full fusion-column-first fusion-column-last\" style=\"margin-top:0px;margin-bottom:20px;\"><div class=\"fusion-column-wrapper fusion-flex-column-wrapper-legacy\" style=\"background-position:left top;background-repeat:no-repeat;-webkit-background-size:cover;-moz-background-size:cover;-o-background-size:cover;background-size:cover;padding: 0px 0px 0px 0px;\"><div class=\"fusion-text fusion-text-4 ficha-producto-mas-info\"><h3 style=\"text-align: center;\">Productos relacionados<\/h3>\n<\/div><div class=\"fusion-builder-row fusion-builder-row-inner fusion-row\"><div class=\"fusion-layout-column fusion_builder_column_inner fusion-builder-nested-column-0 fusion_builder_column_inner_1_3 1_3 fusion-one-third fusion-column-first product-card fusion-column-inner-bg-wrapper\" style=\"width:33.333333333333%;width:calc(33.333333333333% - ( ( 4% + 4% ) * 0.33333333333333 ) );margin-right: 4%;margin-top:0px;margin-bottom:20px;\"><div class=\"fusion-column-wrapper fusion-flex-column-wrapper-legacy\" style=\"padding: 0px 0px 0px 0px;\"><span class=\" fusion-imageframe imageframe-none imageframe-3 hover-type-none\"><img decoding=\"async\" width=\"300\" height=\"212\" title=\"lactokit_vf_lactosa copia\" src=\"https:\/\/isomed.com\/colombia\/wp-content\/uploads\/2020\/07\/lactokit_vf_lactosa-copia-300x212.png\" class=\"img-responsive wp-image-224\" srcset=\"https:\/\/isomed.com\/colombia\/wp-content\/uploads\/2020\/07\/lactokit_vf_lactosa-copia-200x141.png 200w, https:\/\/isomed.com\/colombia\/wp-content\/uploads\/2020\/07\/lactokit_vf_lactosa-copia-400x283.png 400w, https:\/\/isomed.com\/colombia\/wp-content\/uploads\/2020\/07\/lactokit_vf_lactosa-copia-600x424.png 600w, https:\/\/isomed.com\/colombia\/wp-content\/uploads\/2020\/07\/lactokit_vf_lactosa-copia-800x566.png 800w, https:\/\/isomed.com\/colombia\/wp-content\/uploads\/2020\/07\/lactokit_vf_lactosa-copia-1200x848.png 1200w, https:\/\/isomed.com\/colombia\/wp-content\/uploads\/2020\/07\/lactokit_vf_lactosa-copia.png 1280w\" sizes=\"(max-width: 1200px) 100vw, 400px\" \/><\/span><div class=\"fusion-text fusion-text-5\"><p>LACTO-KIT<\/p>\n<p>Test de aliento para el diagn\u00f3stico de la intolerancia a la lactosa<\/p>\n<\/div><div class=\"fusion-clearfix\"><\/div><\/div><span class=\"fusion-column-inner-bg hover-type-none\"><a href=\"https:\/\/isomed.com\/colombia\/ihealth\/lactokit\/\"><span class=\"fusion-column-inner-bg-image\" style=\"background-position:left top;background-repeat:no-repeat;-webkit-background-size:cover;-moz-background-size:cover;-o-background-size:cover;background-size:cover;\"><\/span><\/a><\/span><\/div><div class=\"fusion-layout-column fusion_builder_column_inner fusion-builder-nested-column-1 fusion_builder_column_inner_1_3 1_3 fusion-one-third product-card fusion-column-inner-bg-wrapper\" style=\"width:33.333333333333%;width:calc(33.333333333333% - ( ( 4% + 4% ) * 0.33333333333333 ) );margin-right: 4%;margin-top:0px;margin-bottom:20px;\"><div class=\"fusion-column-wrapper fusion-flex-column-wrapper-legacy\" style=\"padding: 0px 0px 0px 0px;\"><span class=\" fusion-imageframe imageframe-none imageframe-4 hover-type-none\"><img loading=\"lazy\" loading=\"lazy\" decoding=\"async\" width=\"1280\" height=\"905\" title=\"pruebas-funcionales_vf copia\" src=\"https:\/\/isomed.com\/colombia\/wp-content\/uploads\/2020\/07\/pruebas-funcionales_vf-copia.png\" class=\"img-responsive wp-image-227\" srcset=\"https:\/\/isomed.com\/colombia\/wp-content\/uploads\/2020\/07\/pruebas-funcionales_vf-copia-200x141.png 200w, https:\/\/isomed.com\/colombia\/wp-content\/uploads\/2020\/07\/pruebas-funcionales_vf-copia-400x283.png 400w, https:\/\/isomed.com\/colombia\/wp-content\/uploads\/2020\/07\/pruebas-funcionales_vf-copia-600x424.png 600w, https:\/\/isomed.com\/colombia\/wp-content\/uploads\/2020\/07\/pruebas-funcionales_vf-copia-800x566.png 800w, https:\/\/isomed.com\/colombia\/wp-content\/uploads\/2020\/07\/pruebas-funcionales_vf-copia-1200x848.png 1200w, https:\/\/isomed.com\/colombia\/wp-content\/uploads\/2020\/07\/pruebas-funcionales_vf-copia.png 1280w\" sizes=\"auto, (max-width: 1200px) 100vw, 400px\" \/><\/span><div class=\"fusion-text fusion-text-6\"><p>PRUEBAS FUNCIONALES<\/p>\n<p>Test de aliento para el diagn\u00f3stico de la intolerancia a az\u00facares<\/p>\n<\/div><div class=\"fusion-clearfix\"><\/div><\/div><span class=\"fusion-column-inner-bg hover-type-none\"><a href=\"https:\/\/isomed.com\/colombia\/ihealth\/pruebas-funcionales\/\"><span class=\"fusion-column-inner-bg-image\" style=\"background-position:left top;background-repeat:no-repeat;-webkit-background-size:cover;-moz-background-size:cover;-o-background-size:cover;background-size:cover;\"><\/span><\/a><\/span><\/div><div class=\"fusion-layout-column fusion_builder_column_inner fusion-builder-nested-column-2 fusion_builder_column_inner_1_3 1_3 fusion-one-third fusion-column-last product-card fusion-column-inner-bg-wrapper\" style=\"width:33.333333333333%;width:calc(33.333333333333% - ( ( 4% + 4% ) * 0.33333333333333 ) );margin-top:0px;margin-bottom:20px;\"><div class=\"fusion-column-wrapper fusion-flex-column-wrapper-legacy\" style=\"padding: 0px 0px 0px 0px;\"><span class=\" fusion-imageframe imageframe-none imageframe-5 hover-type-none\"><img loading=\"lazy\" loading=\"lazy\" decoding=\"async\" width=\"300\" height=\"212\" title=\"fructokit_vf_fructosa copia\" src=\"https:\/\/isomed.com\/colombia\/wp-content\/uploads\/2020\/07\/fructokit_vf_fructosa-copia-300x212.png\" class=\"img-responsive wp-image-226\" srcset=\"https:\/\/isomed.com\/colombia\/wp-content\/uploads\/2020\/07\/fructokit_vf_fructosa-copia-200x141.png 200w, https:\/\/isomed.com\/colombia\/wp-content\/uploads\/2020\/07\/fructokit_vf_fructosa-copia-400x283.png 400w, https:\/\/isomed.com\/colombia\/wp-content\/uploads\/2020\/07\/fructokit_vf_fructosa-copia-600x424.png 600w, https:\/\/isomed.com\/colombia\/wp-content\/uploads\/2020\/07\/fructokit_vf_fructosa-copia-800x566.png 800w, https:\/\/isomed.com\/colombia\/wp-content\/uploads\/2020\/07\/fructokit_vf_fructosa-copia-1200x848.png 1200w, https:\/\/isomed.com\/colombia\/wp-content\/uploads\/2020\/07\/fructokit_vf_fructosa-copia.png 1280w\" sizes=\"auto, (max-width: 1200px) 100vw, 400px\" \/><\/span><div class=\"fusion-text fusion-text-7\"><p>FRUCTO-KIT<\/p>\n<p>Test de aliento para el diagn\u00f3stico de la intolerancia a la fructosa<\/p>\n<\/div><div class=\"fusion-clearfix\"><\/div><\/div><span class=\"fusion-column-inner-bg hover-type-none\"><a href=\"https:\/\/isomed.com\/colombia\/ihealth\/fructokit\/\"><span class=\"fusion-column-inner-bg-image\" style=\"background-position:left top;background-repeat:no-repeat;-webkit-background-size:cover;-moz-background-size:cover;-o-background-size:cover;background-size:cover;\"><\/span><\/a><\/span><\/div><\/div><div class=\"fusion-clearfix\"><\/div><\/div><\/div><\/div><\/div><\/p>\n","protected":false},"excerpt":{"rendered":"","protected":false},"author":7,"featured_media":0,"parent":112,"menu_order":0,"comment_status":"closed","ping_status":"closed","template":"","meta":{"footnotes":""},"class_list":["post-125","page","type-page","status-publish","hentry"],"_links":{"self":[{"href":"https:\/\/isomed.com\/colombia\/wp-json\/wp\/v2\/pages\/125","targetHints":{"allow":["GET"]}}],"collection":[{"href":"https:\/\/isomed.com\/colombia\/wp-json\/wp\/v2\/pages"}],"about":[{"href":"https:\/\/isomed.com\/colombia\/wp-json\/wp\/v2\/types\/page"}],"author":[{"embeddable":true,"href":"https:\/\/isomed.com\/colombia\/wp-json\/wp\/v2\/users\/7"}],"replies":[{"embeddable":true,"href":"https:\/\/isomed.com\/colombia\/wp-json\/wp\/v2\/comments?post=125"}],"version-history":[{"count":3,"href":"https:\/\/isomed.com\/colombia\/wp-json\/wp\/v2\/pages\/125\/revisions"}],"predecessor-version":[{"id":6118,"href":"https:\/\/isomed.com\/colombia\/wp-json\/wp\/v2\/pages\/125\/revisions\/6118"}],"up":[{"embeddable":true,"href":"https:\/\/isomed.com\/colombia\/wp-json\/wp\/v2\/pages\/112"}],"wp:attachment":[{"href":"https:\/\/isomed.com\/colombia\/wp-json\/wp\/v2\/media?parent=125"}],"curies":[{"name":"wp","href":"https:\/\/api.w.org\/{rel}","templated":true}]}}