{"id":133,"date":"2020-05-21T18:39:09","date_gmt":"2020-05-21T16:39:09","guid":{"rendered":"https:\/\/plantilla.dfarma.co\/?page_id=133"},"modified":"2023-05-29T09:44:49","modified_gmt":"2023-05-29T07:44:49","slug":"sobre-nosotros","status":"publish","type":"page","link":"https:\/\/isomed.com\/colombia\/sobre-nosotros\/","title":{"rendered":"Sobre nosotros"},"content":{"rendered":"<p><div class=\"fusion-fullwidth fullwidth-box fusion-builder-row-1 nonhundred-percent-fullwidth non-hundred-percent-height-scrolling\" style=\"background-color: rgba(255,255,255,0);background-position: center center;background-repeat: no-repeat;padding-top:0px;padding-right:0px;padding-bottom:0px;padding-left:0px;margin-bottom: 0px;margin-top: 0px;border-width: 0px 0px 0px 0px;border-color:#e2e2e2;border-style:solid;\" ><div class=\"fusion-builder-row fusion-row\"><div class=\"fusion-layout-column fusion_builder_column fusion-builder-column-0 fusion_builder_column_1_1 1_1 fusion-one-full fusion-column-first fusion-column-last iso-page-title\" style=\"margin-top:0px;margin-bottom:20px;\"><div class=\"fusion-column-wrapper fusion-flex-column-wrapper-legacy\" style=\"background-position:left top;background-repeat:no-repeat;-webkit-background-size:cover;-moz-background-size:cover;-o-background-size:cover;background-size:cover;padding: 0px 0px 0px 0px;\"><div class=\"fusion-text fusion-text-1\"><h1>Sobre nosotros<\/h1>\n<hr \/>\n<\/div><div class=\"fusion-clearfix\"><\/div><\/div><\/div><\/div><\/div><div class=\"fusion-fullwidth fullwidth-box fusion-builder-row-2 nonhundred-percent-fullwidth non-hundred-percent-height-scrolling\" style=\"background-color: rgba(255,255,255,0);background-position: center center;background-repeat: no-repeat;padding-top:0px;padding-right:0px;padding-bottom:0px;padding-left:0px;margin-bottom: 0px;margin-top: 5%;border-width: 0px 0px 0px 0px;border-color:#e2e2e2;border-style:solid;\" id=\"sn-block\" ><div class=\"fusion-builder-row fusion-row\"><div class=\"fusion-layout-column fusion_builder_column fusion-builder-column-1 fusion_builder_column_3_4 3_4 fusion-three-fourth fusion-column-first\" style=\"width:74%; margin-right: 4%;margin-top:0px;margin-bottom:20px;\"><div class=\"fusion-column-wrapper fusion-flex-column-wrapper-legacy\" style=\"background-position:left top;background-repeat:no-repeat;-webkit-background-size:cover;-moz-background-size:cover;-o-background-size:cover;background-size:cover;padding: 0px 0px 0px 0px;\"><div class=\"fusion-menu-anchor sn-anchor\" id=\"quienes-somos\"><\/div><div class=\"fusion-sep-clear\"><\/div><div class=\"fusion-separator fusion-full-width-sep\" style=\"margin-left: auto;margin-right: auto;margin-top:5%;width:100%;\"><\/div><div class=\"fusion-sep-clear\"><\/div><div class=\"fusion-text fusion-text-2\" id=\"quienes-somos\"><h2><img decoding=\"async\" class=\"alignnone wp-image-735\" style=\"margin-top: -25px; margin-right: 25px;\" src=\"https:\/\/isomed.com\/colombia\/wp-content\/uploads\/2020\/09\/about_us.png\" alt=\"\" width=\"90\" height=\"86\" \/>Qui\u00e9nes somos<\/h2>\n<div id=\"comp-ioccwthm\" class=\"_1Q9if\" data-testid=\"richTextElement\">\n<p><strong>Isomed Pharma Espa\u00f1a incursiona por primera vez en Colombia<\/strong> a trav\u00e9s DFARMA S.A.S. un distribuidor farmac\u00e9utico fundado en abril del a\u00f1o 2015, con sede administrativa en la ciudad de Bogot\u00e1, creado con el prop\u00f3sito de representar y comercializar en Colombia productos y marcas innovadoras, que aporten beneficios y ventajas reales para nuestros clientes y para el mercado colombiano en cuanto a salud y bienestar.<\/p>\n<p>En abril del a\u00f1o 2023 casa matriz de Isomed Pharma, decide migrar en Colombia de la distribuidora DFARMA SAS a la filial <strong>Isomed Pharma Colombia<\/strong>, quien actualmente, <strong>distribuye de forma exclusiva para Colombia<\/strong> el portfolio de Pruebas de Diagn\u00f3stico en Aliento de la compa\u00f1\u00eda Isomed Pharma SL, quien lidera desde hace m\u00e1s de 30 a\u00f1os este mercado en Espa\u00f1a.<\/p>\n<p>Contamos con cobertura promocional y comercial en las principales 5 ciudades del pa\u00eds: Bogot\u00e1 DC, Medell\u00edn, Cali, Barranquilla y Bucaramanga.<\/p>\n<p>De igual forma, desde nuestro centro de distribuci\u00f3n y almacenamiento cubrimos todo el territorio nacional, el cual se encuentra ubicado en la ciudad de Bogot\u00e1 DC, bajo la administraci\u00f3n de LOGICALL S.A.\u00a0 cumpliendo con las Buenas Pr\u00e1cticas de Almacenamiento para Medicamentos, Dispositivos M\u00e9dicos y Reactivos de acuerdo a las regulaciones del Invima.<\/p>\n<p>Trabajamos en alianza con Laboratorios Cl\u00ednicos, a trav\u00e9s de los cuales ofrecemos el servicio de Laboratorio de Referencia a nuestros clientes, cumpliendo con las normativas sanitarias locales.<\/p>\n<\/div>\n<\/div><div class=\"fusion-clearfix\"><\/div><\/div><\/div><div class=\"fusion-layout-column fusion_builder_column fusion-builder-column-2 fusion_builder_column_3_4 3_4 fusion-three-fourth fusion-column-first\" style=\"width:75%;width:calc(75% - ( ( 4% ) * 0.75 ) );margin-right: 4%;margin-top:0px;margin-bottom:20px;\"><div class=\"fusion-column-wrapper fusion-flex-column-wrapper-legacy\" style=\"background-position:left top;background-repeat:no-repeat;-webkit-background-size:cover;-moz-background-size:cover;-o-background-size:cover;background-size:cover;padding: 0px 0px 0px 0px;\"><div class=\"fusion-menu-anchor sn-anchor\" id=\"equipo\"><\/div><div class=\"fusion-sep-clear\"><\/div><div class=\"fusion-separator fusion-full-width-sep\" style=\"margin-left: auto;margin-right: auto;margin-top:5%;width:100%;\"><\/div><div class=\"fusion-sep-clear\"><\/div><div class=\"fusion-text fusion-text-3\"><h2><img decoding=\"async\" class=\"alignnone wp-image-728\" style=\"margin-top: -25px; margin-right: 25px; max-width: 90px;\" src=\"https:\/\/isomed.com\/colombia\/wp-content\/uploads\/2020\/09\/equipo.png\" alt=\"\" width=\"90\" height=\"84\" srcset=\"https:\/\/isomed.com\/colombia\/wp-content\/uploads\/2020\/09\/equipo-200x186.png 200w, https:\/\/isomed.com\/colombia\/wp-content\/uploads\/2020\/09\/equipo.png 222w\" sizes=\"(max-width: 90px) 100vw, 90px\" \/>Equipo<\/h2>\n<\/div><div class=\"fusion-text fusion-text-4\"><p class=\"font_8\">En nuestro equipo de trabajo contamos con <strong>profesionales de la Industria Farmac\u00e9utica<\/strong> con amplia experiencia en compa\u00f1\u00edas multinacionales y con conocimiento profundo del mercado Colombiano y del\u00a0\u00a0Sector de la \u00a0Salud.<\/p>\n<p class=\"font_8\">Estamos en capacidad de ofrecer la plataforma de entrada al pa\u00eds a trav\u00e9s de: soporte en la elaboraci\u00f3n de dossier y tramite de registros sanitarios ante el Invima; elaboraci\u00f3n y ejecuci\u00f3n del plan de negocio para llegar al canal comercial, prescriptores y consumidor final.<\/p>\n<p class=\"font_8\">Para mayor informaci\u00f3n sobre nuestros productos, servicios y equipo de trabajo por favor d\u00e9jenos sus datos\u00a0en la secci\u00f3n CONTACTO.<\/p>\n<\/div><div class=\"fusion-clearfix\"><\/div><\/div><\/div><\/div><\/div><\/p>\n","protected":false},"excerpt":{"rendered":"","protected":false},"author":7,"featured_media":0,"parent":0,"menu_order":0,"comment_status":"closed","ping_status":"closed","template":"","meta":{"footnotes":""},"class_list":["post-133","page","type-page","status-publish","hentry"],"_links":{"self":[{"href":"https:\/\/isomed.com\/colombia\/wp-json\/wp\/v2\/pages\/133","targetHints":{"allow":["GET"]}}],"collection":[{"href":"https:\/\/isomed.com\/colombia\/wp-json\/wp\/v2\/pages"}],"about":[{"href":"https:\/\/isomed.com\/colombia\/wp-json\/wp\/v2\/types\/page"}],"author":[{"embeddable":true,"href":"https:\/\/isomed.com\/colombia\/wp-json\/wp\/v2\/users\/7"}],"replies":[{"embeddable":true,"href":"https:\/\/isomed.com\/colombia\/wp-json\/wp\/v2\/comments?post=133"}],"version-history":[{"count":18,"href":"https:\/\/isomed.com\/colombia\/wp-json\/wp\/v2\/pages\/133\/revisions"}],"predecessor-version":[{"id":6097,"href":"https:\/\/isomed.com\/colombia\/wp-json\/wp\/v2\/pages\/133\/revisions\/6097"}],"wp:attachment":[{"href":"https:\/\/isomed.com\/colombia\/wp-json\/wp\/v2\/media?parent=133"}],"curies":[{"name":"wp","href":"https:\/\/api.w.org\/{rel}","templated":true}]}}