{"id":262,"date":"2020-07-01T13:42:23","date_gmt":"2020-07-01T11:42:23","guid":{"rendered":"https:\/\/plantilla.dfarma.co\/?page_id=262"},"modified":"2020-07-09T09:40:56","modified_gmt":"2020-07-09T07:40:56","slug":"aviso-legal","status":"publish","type":"page","link":"https:\/\/isomed.com\/colombia\/aviso-legal\/","title":{"rendered":"Aviso legal"},"content":{"rendered":"<div class=\"fusion-fullwidth fullwidth-box fusion-builder-row-1 nonhundred-percent-fullwidth non-hundred-percent-height-scrolling\" style=\"background-color: rgba(255,255,255,0);background-position: center center;background-repeat: no-repeat;padding-top:0px;padding-right:0px;padding-bottom:0px;padding-left:0px;margin-bottom: 0px;margin-top: 0px;border-width: 0px 0px 0px 0px;border-color:#e2e2e2;border-style:solid;\" ><div class=\"fusion-builder-row fusion-row\"><div class=\"fusion-layout-column fusion_builder_column fusion-builder-column-0 fusion_builder_column_1_1 1_1 fusion-one-full fusion-column-first fusion-column-last\" style=\"margin-top:0px;margin-bottom:0px;\"><div class=\"fusion-column-wrapper fusion-flex-column-wrapper-legacy\" style=\"background-position:left top;background-repeat:no-repeat;-webkit-background-size:cover;-moz-background-size:cover;-o-background-size:cover;background-size:cover;padding: 0px 0px 0px 0px;\"><div class=\"fusion-text fusion-text-1\"><h1>Aviso legal<\/h1>\n<p><strong>1. Introducci\u00f3n.<\/strong><br \/>\nEl presente documento tiene como finalidad el establecer y regular las normas de uso del sitio https:\/\/isomed.com\/colombia\/ (en adelante el \u00abSitio\u00bb), entendiendo por Sitio todas las p\u00e1ginas y sus contenidos propiedad de ISOMED PHARMA, S.L. a las cuales se accede a trav\u00e9s del dominio https:\/\/isomed.com\/colombia\/ y sus subdominios.<\/p>\n<p><strong>2. Titularidad del Sitio Web.<\/strong><br \/>\nEl titular del presente Sitio es ISOMED PHARMA, S.L. con domicilio en Calle Par\u00eds, 4, 28232 Las Rozas (Madrid, Espa\u00f1a) y CIF: B-80619133, inscrita en el Registro Mercantil de Madrid, Tomo 6355, Libro 0, Folio 121, Secci\u00f3n 8, Hoja M-103567, Ins. 1\u00aa.<br \/>\nUsted puede ponerse en contacto con nosotros en el n\u00famero de tel\u00e9fono +34913440655, o en el e-mail info@isomed.com.<\/p>\n<p><strong>3. Condiciones de acceso.<\/strong><br \/>\nLa utilizaci\u00f3n del Sitio, supone la aceptaci\u00f3n plena por el Usuario de estas condiciones, por lo que si no est\u00e1 de acuerdo con el contenido de las mismas deber\u00e1 abstenerse de hacer uso de la web, as\u00ed como de los servicios ofrecidos en ella. ISOMED PHARMA, S.L. se reserva el derecho a efectuar las modificaciones que estime oportunas, pudiendo modificar, suprimir o incluir, sin previo aviso, nuevos contenidos y\/o servicios, as\u00ed como la forma en que \u00e9stos aparezcan presentados y localizados y las condiciones de uso de la web.<br \/>\nEl Usuario acepta que el acceso y uso de la web y de los contenidos incluidos en la misma tiene lugar libre y conscientemente, bajo su exclusiva responsabilidad, y en consecuencia se compromete a:<br \/>\n&#8211; No utilizar la web para la realizaci\u00f3n de actividades contrarias a la ley, a la moral, al orden p\u00fablico, en general, y hacer un uso l\u00edcito y honrado conforme a las presentes Condiciones Generales, as\u00ed como abstenerse de realizar cualquier acto que pudiera da\u00f1ar, inutilizar, sobrecargar o deteriorar la web y\/o impedir el normal uso y utilizaci\u00f3n por parte del resto de Usuarios.<br \/>\n&#8211; No manipular o alterar cualquier contenido de la web sin el consentimiento expreso y por escrito de su titular. Cualquier alteraci\u00f3n, modificaci\u00f3n o manipulaci\u00f3n sin el consentimiento de su titular, exime a su \u00e9ste de responsabilidad alguna.<br \/>\n&#8211; No reproducir, copiar, distribuir, comunicar p\u00fablicamente, transformar o modificar los contenidos, a menos que se cuente con la preceptiva autorizaci\u00f3n del titular de los correspondientes derechos o ello resulte legalmente permitido; as\u00ed como suprimir, eludir o manipular el Copyright y dem\u00e1s datos identificativos de los derechos de ISOMED PHARMA, S.L. o de sus titulares incorporados a los contenidos, as\u00ed como los dispositivos t\u00e9cnicos de protecci\u00f3n, o cualesquiera mecanismos de informaci\u00f3n que pudieren contener los rese\u00f1ados contenidos.<br \/>\n&#8211; No introducir o difundir en la web programas de datos (virus o cualquier tipo de software de car\u00e1cter nocivo) susceptibles de provocar da\u00f1os en la web.<br \/>\n&#8211; ISOMED PHARMA, S.L. no garantiza la disponibilidad y continuidad de la web ni se hace responsable de cualesquiera da\u00f1os y perjuicios puedan producirse, ni de los defectos t\u00e9cnicos, incluidos virus u otros elementos lesivos, cualquiera que sea la naturaleza, derivados del uso de la informaci\u00f3n y de las materias contenidas en la web.<\/p>\n<p><strong>4. Uso de cookies.<\/strong><br \/>\nCon el objeto de prestar un mejor servicio, puede que ISOMED PHARMA, S.L. llegue a almacenar en el ordenador del Usuario peque\u00f1os ficheros de informaci\u00f3n denominados cookies, los cuales pueden ser utilizados para el correcto funcionamiento de algunos de los servicios que se ofrecen, as\u00ed como para realizar estad\u00edsticas de uso, diagnosticar problemas en la web, y para la administraci\u00f3n de algunos de los servicios ofrecidos. La informaci\u00f3n sobre las cookies se encuentra establecida en una pol\u00edtica independiente que figura en el mismo lugar que el resto de informaci\u00f3n legal de https:\/\/isomed.com\/colombia\/. Para limitar o restringir la admisi\u00f3n de cookies en su equipo, el Usuario puede configurar su navegador a estos efectos. Para m\u00e1s informaci\u00f3n, pulse este <a href=\"https:\/\/isomed.com\/colombia\/politica-de-cookies\/\">enlace<\/a>.<\/p>\n<p><strong>5. Responsabilidades.<\/strong><br \/>\nEl Usuario responder\u00e1 de los da\u00f1os y perjuicios de toda naturaleza que ISOMED PHARMA, S.L. o cualquier tercero pueda sufrir como consecuencia del incumplimiento de cualquiera de las obligaciones a las que queda sometido por las presentes Condiciones Generales.<br \/>\nISOMED PHARMA, S.L. no asume ninguna responsabilidad ni realiza ning\u00fan control sobre los posibles hiperv\u00ednculos que contenga la web a contenidos externos a la misma; no obstante, retirar\u00e1 aquellos enlaces que incluyan contenidos il\u00edcitos tan pronto como pueda conocerlo.<\/p>\n<p><strong>6. Propiedad Intelectual e Industrial.<\/strong><br \/>\nEl Usuario reconoce que todos los contenidos de la web y, en concreto, de toda la informaci\u00f3n y materiales, la estructura, selecci\u00f3n, ordenaci\u00f3n y prestaci\u00f3n de sus contenidos, programas y desarrollo de aplicaciones utilizados en relaci\u00f3n con ellos, est\u00e1n protegidos por derechos de propiedad intelectual e industrial propiedad del titular de la web o, en su caso, de terceros.<br \/>\nEn ning\u00fan caso el acceso a los mismos o su utilizaci\u00f3n por parte del Usuario implicar\u00e1 ning\u00fan tipo de renuncia, transmisi\u00f3n o cesi\u00f3n total ni parcial de dichos derechos, ni confiere ning\u00fan derecho de utilizaci\u00f3n, alteraci\u00f3n, explotaci\u00f3n, reproducci\u00f3n, distribuci\u00f3n o comunicaci\u00f3n p\u00fablica sobre dichos contenidos sin la previa y expresa autorizaci\u00f3n espec\u00edficamente otorgada a tal efecto por parte de ISOMED PHARMA, S.L. o del tercero titular de los derechos afectados.<br \/>\nISOMED PHARMA, S.L. es titular de los elementos que integran el dise\u00f1o gr\u00e1fico de su web, los men\u00fas, botones de navegaci\u00f3n, el c\u00f3digo, los textos, im\u00e1genes, texturas, gr\u00e1ficos y cualquier otro contenido de la p\u00e1gina web o, en otros casos, dispone de la correspondiente autorizaci\u00f3n para la utilizaci\u00f3n de dichos elementos.<br \/>\nTodas las marcas, nombres comerciales o signos distintivos mostrados en esta p\u00e1gina son propiedad de ISOMED PHARMA, S.L. Se proh\u00edbe usarlos o descargarlos permanentemente, copiarlos o distribuirlos por cualquier medio sin el preceptivo consentimiento de su titular.<br \/>\nEn el caso de que cualquier Usuario o un tercero consideren que cualquiera de los contenidos ha sido introducido en la web con violaci\u00f3n de sus derechos de Propiedad Intelectual o Industrial deber\u00e1 enviar una notificaci\u00f3n a ISOMED PHARMA, S.L. identific\u00e1ndose a s\u00ed mismo y al titular de los derechos de propiedad intelectual o industrial supuestamente infringidos, aportando t\u00edtulo o acreditaci\u00f3n de la representaci\u00f3n de los mencionados derechos.<\/p>\n<p><strong>7. Confidencialidad.<\/strong><br \/>\nToda informaci\u00f3n que cualquiera de las partes comunique o facilite a la otra o a la que tengan acceso cualquiera de ellas, ser\u00e1 considerada confidencial y no podr\u00e1 ser divulgada, mostrada, reproducida, copiada, discutida con terceros, ni empleada por ninguna de las partes para fines ajenos a los que motivaron su comunicaci\u00f3n.<\/p>\n<p><strong>8. Legislaci\u00f3n aplicable y jurisdicci\u00f3n.<\/strong><br \/>\nLas presentes Condiciones Generales se regir\u00e1n por lo dispuesto en la legislaci\u00f3n espa\u00f1ola. Para cuantas cuestiones pudieran suscitarse entre las partes en relaci\u00f3n con la interpretaci\u00f3n y ejecuci\u00f3n del presente documento, ambas partes acuerdan de forma expresa y con renuncia de cualquier otro fuero que pudiera corresponderles, a la jurisdicci\u00f3n de los Juzgados y Tribunales de Madrid.<\/p>\n<\/div><div class=\"fusion-clearfix\"><\/div><\/div><\/div><\/div><\/div>\n","protected":false},"excerpt":{"rendered":"","protected":false},"author":7,"featured_media":0,"parent":0,"menu_order":0,"comment_status":"closed","ping_status":"closed","template":"","meta":{"footnotes":""},"class_list":["post-262","page","type-page","status-publish","hentry"],"_links":{"self":[{"href":"https:\/\/isomed.com\/colombia\/wp-json\/wp\/v2\/pages\/262","targetHints":{"allow":["GET"]}}],"collection":[{"href":"https:\/\/isomed.com\/colombia\/wp-json\/wp\/v2\/pages"}],"about":[{"href":"https:\/\/isomed.com\/colombia\/wp-json\/wp\/v2\/types\/page"}],"author":[{"embeddable":true,"href":"https:\/\/isomed.com\/colombia\/wp-json\/wp\/v2\/users\/7"}],"replies":[{"embeddable":true,"href":"https:\/\/isomed.com\/colombia\/wp-json\/wp\/v2\/comments?post=262"}],"version-history":[{"count":0,"href":"https:\/\/isomed.com\/colombia\/wp-json\/wp\/v2\/pages\/262\/revisions"}],"wp:attachment":[{"href":"https:\/\/isomed.com\/colombia\/wp-json\/wp\/v2\/media?parent=262"}],"curies":[{"name":"wp","href":"https:\/\/api.w.org\/{rel}","templated":true}]}}