{"id":455,"date":"2020-07-17T11:19:15","date_gmt":"2020-07-17T09:19:15","guid":{"rendered":"https:\/\/plantilla.isomed.pe\/?page_id=455"},"modified":"2020-07-17T11:24:05","modified_gmt":"2020-07-17T09:24:05","slug":"politica-de-cookies","status":"publish","type":"page","link":"https:\/\/isomed.com\/peru\/politica-de-cookies\/","title":{"rendered":"Pol\u00edtica de cookies"},"content":{"rendered":"<p>COMO CUMPLIR CON LA NORMATIVA DE COOKIES<\/p>\n<p>Tras las \u00faltimas modificaciones legales, es necesario el consentimiento previo de los usuarios de una p\u00e1gina web para que esta pueda llevar a cabo la instalaci\u00f3n de las cookies. Este consentimiento no es preciso que sea expl\u00edcito (que pinche y acepte), ser\u00eda v\u00e1lido obtenerlo a trav\u00e9s de una acci\u00f3n que se considere vinculante, siempre y cuando se haya informado con car\u00e1cter previo.<\/p>\n<p>Una posible forma de obtener este consentimiento, por tanto, ser\u00eda que aparezca la informaci\u00f3n sobre las cookies, y que una vez pasado un tiempo prudencial (por ejemplo un minuto) o una vez realizada cualquier acci\u00f3n en la web por parte del usuario (como pinchar un enlace o desplazar la barra de desplazamiento), las cookies se instalen en el dispositivo del usuario.<\/p>\n<p>Consideramos que la forma m\u00e1s sencilla para el suministro de la informaci\u00f3n y la obtenci\u00f3n del consentimiento por parte del usuario para la instalaci\u00f3n de las cookies, es la llamada \u201cinformaci\u00f3n en dos capas\u201d (termino introducido por la Agencia Espa\u00f1ola de Protecci\u00f3n de Datos (AEPD) en su \u201cGu\u00eda de cookies\u201d).<\/p>\n<p><strong>\u00b7Primera capa:<\/strong> Esta informaci\u00f3n deber\u00e1 ser visible cuando el usuario acceda a la p\u00e1gina web. Recomendamos facilitar la informaci\u00f3n a trav\u00e9s de un banner o pop up con el siguiente texto:<\/p>\n<p>Este sitio web utiliza cookies propias y de terceros para mejorar nuestros servicios y optimizar su navegaci\u00f3n. Si contin\u00faa navegando, consideramos que acepta nuestra pol\u00edtica de cookies.<\/p>\n<p>Insistimos que las cookies no se podr\u00e1n instalar hasta que el usuario haya realizado alguna acci\u00f3n o haya pasado un tiempo desde que accedi\u00f3 a la web. La mera colocaci\u00f3n de este aviso no es suficiente si las cookies se instalan desde el mismo momento en que el usuario accede a la p\u00e1gina. No obstante, actualmente la AEPD no impone sanci\u00f3n por no obtener el consentimiento.<\/p>\n<p><strong>\u00b7 Segunda capa: <\/strong>Pol\u00edtica de cookies.<br \/>\nLa AEPD recomienda que la pol\u00edtica de cookies sea independiente del Aviso Legal y de la pol\u00edtica de privacidad. A este texto ha de remitir el enlace de la primera capa (\u201cuso de cookies\u201d).<\/p>\n<p>Esta Pol\u00edtica de Cookies es parte integrante de las Condiciones Generales y la Pol\u00edtica de Privacidad. El acceso y la navegaci\u00f3n en el sitio, o el uso de los servicios del mismo, implican la aceptaci\u00f3n de las Condiciones Generales (y por tanto de la Pol\u00edtica de Privacidad y Pol\u00edtica de Cookies). Por favor, l\u00e9elas atentamente.<\/p>\n<p>Te agradecemos que hayas decidido visitarnos. Queremos que tu experiencia en el sitio sea lo mejor posible, y por ese motivo hemos escrito esta Pol\u00edtica de Cookies de la forma m\u00e1s transparente posible.<\/p>\n<p><strong>\u00bfQu\u00e9 es una Cookie?<\/strong><br \/>\nLas cookies son archivos que contienen peque\u00f1as cantidades de informaci\u00f3n que se descargan en el dispositivo del usuario que se utiliza cuando visitas un sitio web. Su finalidad principal es reconocer al usuario cada vez que accede a y nos permite, adem\u00e1s, mejorar la calidad y la usabilidad de nuestra web.<\/p>\n<p>Las cookies son esenciales para el funcionamiento de Internet; no pueden da\u00f1ar el equipo\/dispositivo del usuario y, si se encuentran activadas en la configuraci\u00f3n de tu navegador, nos ayudan a identificar y resolver posibles errores de funcionamiento de .<\/p>\n<p><strong>Tipos de Cookies<\/strong><br \/>\nHay diferentes tipos de cookies. Todos ellos trabajan de la misma manera, pero tienen peque\u00f1as diferencias:<\/p>\n<ol>\n<li>Cookies de Sesi\u00f3n. Las cookies de sesi\u00f3n duran solamente por la duraci\u00f3n de tu visita y se borran cuando cierras el navegador. Su finalidad principal es identificar el tipo de dispositivo, apoyar la seguridad sitio web o su funcionalidad b\u00e1sica. No contienen informaci\u00f3n personal que nos permita identificar a una persona.<\/li>\n<li>Cookies Persistentes o Permanentes: Se almacenan en el disco duro del dispositivo y nuestra web las lee cada vez que realizas una nueva visita a ; posee una fecha de caducidad o expiraci\u00f3n determinada, cumplida la cual la cookie deja de funcionar. Nos permiten identificar tus acciones y preferencias; analizar las visitas y nos ayudan a comprender c\u00f3mo llegan los usuarios a nuestra p\u00e1gina y mejorar nuestros servicios.<\/li>\n<li>Cookies de Funcionalidad: Permiten a recordar decisiones adoptadas por el usuario, como su login o identificador.<br \/>\nLa informaci\u00f3n de estas cookies recogen se anonimiza (es decir, no contiene ni tu nombre, direcci\u00f3n, u otros datos).<\/li>\n<li>Cookies de Terceros. Las cookies de terceros son las cookies que instala un sitio web que no es el que est\u00e1s visitando; por ejemplo, las usadas por redes sociales (como Facebook) o por complementos externos de contenido (como Google Maps). Adem\u00e1s, algunas empresas de publicidad usan este tipo de archivos para realizar un seguimiento de tus visitas en cada sitio en el que se anuncian.<\/li>\n<li>Cookies Anal\u00edticas: Son cookies que tienen por finalidad el mantenimiento peri\u00f3dico y garantizar el mejor funcionamiento y servicio al usuario; recopilando datos de tu actividad.<\/li>\n<\/ol>\n<p><strong>Uso de Cookies<\/strong> por parte de Isomed Pharma S.L.<br \/>\nMediante el acceso a https:\/\/plantilla.isomed.pe\/, aceptas de manera expresa que podamos usar este tipo de cookies en tus dispositivos. Si desactivas las cookies, puede que tu navegaci\u00f3n por no sea \u00f3ptima y algunas de las utilidades que dispone no funcionen correctamente.<\/p>\n<p><strong>Cookies propias<\/strong><\/p>\n<p>Con el fin de reconocerte y prestarte un mejor servicio, nuestro sitio utiliza cookies (peque\u00f1os archivos de texto que tu navegador almacena) propias. Las ventajas que conlleva la aceptaci\u00f3n de nuestras cookies se traduce en un ahorro de tiempo. Asimismo pueden ser utilizadas tambi\u00e9n para reconocerte entre visitas sucesivas y as\u00ed adaptar el contenido que se te muestra, para obtener informaci\u00f3n acerca de la fecha y hora de tu \u00faltima visita, medir algunos par\u00e1metros de tr\u00e1fico dentro del propio sitio, y estimar el n\u00famero de visitas realizadas, de manera que podamos enfocar y ajustar los servicios y promociones de forma m\u00e1s efectiva.\u00a0Ninguna cookie permite que pueda contactarse con tu n\u00famero de tel\u00e9fono, tu direcci\u00f3n de correo electr\u00f3nico o con cualquier otro medio de contacto. Ninguna cookie puede extraer informaci\u00f3n de tu disco duro o robar informaci\u00f3n personal.<\/p>\n\n<div class=\"table-2\">\n<table width=\"100%\">\n<thead>\n<tr>\n<th align=\"left\">Finalidad del tratamiento<\/th>\n<th align=\"left\">Base legal<\/th>\n<th align=\"left\">Destinatarios<\/th>\n<th align=\"left\">Transferencias internacionales<\/th>\n<th align=\"left\">Plazo de conservaci\u00f3n<\/th>\n<\/tr>\n<\/thead>\n<tbody>\n<tr>\n<td align=\"left\">Gestionar las consultas planteadas a trav\u00e9s del formulario de consulta<\/td>\n<td align=\"left\">Inter\u00e9s leg\u00edtimo de la Sociedad para atender a los requerimientos de informaci\u00f3n a trav\u00e9s de la Web<\/td>\n<td align=\"left\">No acceder\u00e1n a sus datos personales prestadores de servicios adicionales de los indicados en el apartado 3c.<\/td>\n<td align=\"left\">No se realizar\u00e1n transferencias internacionales de sus datos para este tratamiento.<\/td>\n<td align=\"left\">Hasta la resoluci\u00f3n de su solicitud de informaci\u00f3n<\/td>\n<\/tr>\n<\/tbody>\n<tbody>\n<tr>\n<td align=\"left\">Gestionar su suscripci\u00f3n a las novedades por email identificada en el formulario de registro y los formularios de contacto.<\/td>\n<td align=\"left\">Relaci\u00f3n contractual para la prestaci\u00f3n del servicio solicitado, aun cuando el mismo tenga el car\u00e1cter de gratuito.<\/td>\n<td align=\"left\">Las categor\u00edas de destinatarios que podr\u00e1n acceder a sus datos personales son los identificados en el apartado 3.c.<\/td>\n<td align=\"left\">No se realizar\u00e1n transferencias internacionales de sus datos para este tratamiento.<\/td>\n<td align=\"left\">Durante cinco a\u00f1os desde la \u00faltima interacci\u00f3n con la Sociedad o hasta que manifieste su voluntad de no continuar suscrito al blog (lo que suceda antes).<\/td>\n<\/tr>\n<\/tbody>\n<\/table>\n<\/div>\n<p><div class=\"fusion-text fusion-text-1\"><\/div><\/p>\n<p><strong>Cookies de Google Analytics<\/strong><br \/>\nEl sitio utiliza el servicio Google Analytics, que es prestado por Google, Inc., entidad cuya oficina principal est\u00e1 en 1600 Amphitheatre Parkway, Mountain View (California), CA 94043, Estados Unidos (\u00abGoogle\u00bb).<\/p>\n<p>Google Analytics utiliza cookies para ayudarnos a analizar el uso que hacen los usuarios del sitio. La informaci\u00f3n que genera la cookie acerca de tu uso del sitio (incluyendo tu direcci\u00f3n IP) ser\u00e1 directamente transmitida y archivada por Google en sus servidores de Estados Unidos. Google usar\u00e1 esta informaci\u00f3n por cuenta nuestra con el prop\u00f3sito de seguir la pista de tu uso del sitio, recopilando informes de la actividad del sitio y prestando otros servicios relacionados con la actividad del sitio y el uso de Internet. Google podr\u00e1 transmitir dicha informaci\u00f3n a terceros cuando as\u00ed se lo requiera la legislaci\u00f3n, o cuando dichos terceros procesen la informaci\u00f3n por cuenta de Google. Google no asociar\u00e1 tu direcci\u00f3n IP con ning\u00fan otro dato del que disponga Google.<\/p>\n<p>Si lo deseas puedes rechazar el tratamiento de los datos o la informaci\u00f3n rechazando el uso de cookies mediante la selecci\u00f3n de la configuraci\u00f3n apropiada de tu navegador. Sin embargo, si lo haces, puede ser que no puedas usar la plena funcionabilidad de este sitio. Al utilizar este sitio consientes el tratamiento tu informaci\u00f3n por Google en la forma y para los fines arriba indicados.<\/p>\n<p>Nuestra p\u00e1gina utiliza el servicio Google Analytics, que es prestado por Google, Inc., entidad cuya oficina principal est\u00e1 en 1600 Amphitheatre Parkway, Mountain View (California), CA 94043, Estados Unidos (\u00abGoogle\u00bb). Por ello, con visitar nuestra p\u00e1gina otorgas expresamente tu consentimiento a que esta informaci\u00f3n generada por las Cookies de Google Analytics sea transferida a los servidores de Google Inc. sitos en EE.UU; concretamente la informaci\u00f3n que genera la cookie acerca de tu uso del sitio, recopilando informes de la actividad del sitio.<\/p>\n<p>Configuraci\u00f3n del usuario para evitar Cookies.<br \/>\nDesde Isomed Pharma S.L. y en cumplimiento de la normativa legal vigente, ponemos a tu disposici\u00f3n la informaci\u00f3n que te permita configurar tu navegador\/navegadores de Internet para mantener tu privacidad y seguridad en relaci\u00f3n a las cookies. Por ello, te facilitamos la informaci\u00f3n y enlaces a los sitos de soporte oficiales de los principales navegadores para que puedas decidir si deseas o no aceptar el uso de cookies.<\/p>\n<p>As\u00ed, puedes bloquear las cookies a trav\u00e9s de las herramientas de configuraci\u00f3n del navegador o bien puedes configurar tu navegador para que te avise cuando un servidor quiera guardar una cookie:<\/p>\n<p>&#8211; Puedes obtener m\u00e1s informaci\u00f3n sobre el navegador Firefox desde aqu\u00ed:<br \/>\nhttps:\/\/support.mozilla.org\/es\/kb\/habilitar-y-deshabilitar-cookies-sitios-web-rastrearpreferencias?redirectlocale=es&#038;redirectslug=habilitar-y-deshabilitar-cookies-que-los-sitios-we<\/p>\n<p>&#8211; Puedes obtener m\u00e1s informaci\u00f3n sobre el navegador Chrome desde aqu\u00ed:<br \/>\nhttps:\/\/support.google.com\/chrome\/answer\/95647?hl=es<\/p>\n<p>&#8211; Puedes obtener m\u00e1s informaci\u00f3n sobre el navegador Internet Explorer desde aqu\u00ed:<br \/>\nhttps:\/\/support.microsoft.com\/es-es\/help\/17442\/windows-internet-explorer-delete-manage-cookies<\/p>\n<p>&#8211; Puedes obtener m\u00e1s informaci\u00f3n sobre el navegador Safari desde aqu\u00ed:<br \/>\nhttps:\/\/support.apple.com\/kb\/PH19214?viewlocale=es_ES&#038;locale=es_ES<\/p>\n<p>&#8211; Puedes obtener m\u00e1s informaci\u00f3n sobre el navegador Opera desde aqu\u00ed:<br \/>\nhttp:\/\/help.opera.com\/Windows\/11.50\/es-ES\/cookies.html<\/p>\n<p>\u00bfQu\u00e9 ocurre si se deshabilitan las Cookies? Algunas funcionalidades de los Servicios y \u00e1reas de este sitio web podr\u00edan no funcionar correctamente si se deshabilitan las cookies.<\/p>\n<p><strong>\u00bfActualizamos nuestra Pol\u00edtica de Cookies?<\/strong><\/p>\n<p>Es posible que actualicemos la Pol\u00edtica de Cookies de nuestra p\u00e1gina web, por ello le recomendamos revisar esta pol\u00edtica cada vez que acceda a nuestro sitio web con el objetivo de estar adecuadamente informado sobre c\u00f3mo y para qu\u00e9 usamos las cookies.<\/p>\n","protected":false},"excerpt":{"rendered":"<p>COMO CUMPLIR CON LA NORMATIVA DE COOKIES Tras las \u00faltimas modificaciones legales, es necesario el consentimiento previo de los usuarios [&hellip;]<\/p>\n","protected":false},"author":7,"featured_media":0,"parent":0,"menu_order":0,"comment_status":"closed","ping_status":"closed","template":"","meta":{"footnotes":""},"class_list":["post-455","page","type-page","status-publish","hentry"],"_links":{"self":[{"href":"https:\/\/isomed.com\/peru\/wp-json\/wp\/v2\/pages\/455","targetHints":{"allow":["GET"]}}],"collection":[{"href":"https:\/\/isomed.com\/peru\/wp-json\/wp\/v2\/pages"}],"about":[{"href":"https:\/\/isomed.com\/peru\/wp-json\/wp\/v2\/types\/page"}],"author":[{"embeddable":true,"href":"https:\/\/isomed.com\/peru\/wp-json\/wp\/v2\/users\/7"}],"replies":[{"embeddable":true,"href":"https:\/\/isomed.com\/peru\/wp-json\/wp\/v2\/comments?post=455"}],"version-history":[{"count":0,"href":"https:\/\/isomed.com\/peru\/wp-json\/wp\/v2\/pages\/455\/revisions"}],"wp:attachment":[{"href":"https:\/\/isomed.com\/peru\/wp-json\/wp\/v2\/media?parent=455"}],"curies":[{"name":"wp","href":"https:\/\/api.w.org\/{rel}","templated":true}]}}